{"id":170,"date":"2023-03-02T16:26:37","date_gmt":"2023-03-02T16:26:37","guid":{"rendered":"https:\/\/olivedrab-aardvark-901812.hostingersite.com\/medicinanaturopaticafamiliar\/?page_id=170"},"modified":"2023-05-03T16:14:23","modified_gmt":"2023-05-03T16:14:23","slug":"terapia-craneosacral","status":"publish","type":"page","link":"https:\/\/medicinanaturopaticafamiliar.com\/en\/terapia-craneosacral\/","title":{"rendered":"Craniosacral Therapy"},"content":{"rendered":"<div data-elementor-type=\"wp-page\" data-elementor-id=\"170\" class=\"elementor elementor-170\" data-elementor-settings=\"{&quot;ha_cmc_init_switcher&quot;:&quot;no&quot;}\">\n\t\t\t\t\t\t<section class=\"elementor-section elementor-top-section elementor-element elementor-element-bc21301 elementor-section-height-min-height elementor-section-boxed elementor-section-height-default elementor-section-items-middle\" data-id=\"bc21301\" data-element_type=\"section\" data-e-type=\"section\" data-settings=\"{&quot;jet_parallax_layout_list&quot;:[],&quot;background_background&quot;:&quot;classic&quot;,&quot;_ha_eqh_enable&quot;:false}\">\n\t\t\t\t\t\t<div class=\"elementor-container elementor-column-gap-default\">\n\t\t\t\t\t<div class=\"elementor-column elementor-col-100 elementor-top-column elementor-element elementor-element-7e81597\" data-id=\"7e81597\" data-element_type=\"column\" data-e-type=\"column\">\n\t\t\t<div class=\"elementor-widget-wrap elementor-element-populated\">\n\t\t\t\t\t\t<div class=\"elementor-element elementor-element-21cd2dc elementor-widget elementor-widget-heading\" data-id=\"21cd2dc\" data-element_type=\"widget\" data-e-type=\"widget\" data-widget_type=\"heading.default\">\n\t\t\t\t<div class=\"elementor-widget-container\">\n\t\t\t\t\t<h2 class=\"elementor-heading-title elementor-size-default\">CRANIOSACRAL THERAPY<\/h2>\t\t\t\t<\/div>\n\t\t\t\t<\/div>\n\t\t\t\t\t<\/div>\n\t\t<\/div>\n\t\t\t\t\t<\/div>\n\t\t<\/section>\n\t\t\t\t<section class=\"elementor-section elementor-top-section elementor-element elementor-element-0ee1e08 elementor-section-height-min-height elementor-section-boxed elementor-section-height-default elementor-section-items-middle\" data-id=\"0ee1e08\" data-element_type=\"section\" data-e-type=\"section\" data-settings=\"{&quot;jet_parallax_layout_list&quot;:[],&quot;background_background&quot;:&quot;classic&quot;,&quot;_ha_eqh_enable&quot;:false}\">\n\t\t\t\t\t\t<div class=\"elementor-container elementor-column-gap-default\">\n\t\t\t\t\t<div class=\"elementor-column elementor-col-100 elementor-top-column elementor-element elementor-element-aaa30f9\" data-id=\"aaa30f9\" data-element_type=\"column\" data-e-type=\"column\">\n\t\t\t<div class=\"elementor-widget-wrap elementor-element-populated\">\n\t\t\t\t\t\t<div class=\"elementor-element elementor-element-9c6cee7 elementor-widget__width-initial elementor-widget elementor-widget-heading\" data-id=\"9c6cee7\" data-element_type=\"widget\" data-e-type=\"widget\" data-widget_type=\"heading.default\">\n\t\t\t\t<div class=\"elementor-widget-container\">\n\t\t\t\t\t<h2 class=\"elementor-heading-title elementor-size-default\">CALL TODAY<\/h2>\t\t\t\t<\/div>\n\t\t\t\t<\/div>\n\t\t\t\t<div class=\"elementor-element elementor-element-310a220 pa-icon-pos-after elementor-widget__width-initial premium-lq__none elementor-widget elementor-widget-premium-addon-button\" data-id=\"310a220\" data-element_type=\"widget\" data-e-type=\"widget\" data-widget_type=\"premium-addon-button.default\">\n\t\t\t\t<div class=\"elementor-widget-container\">\n\t\t\t\t\t\n\n\t\t<a class=\"premium-button premium-button-none premium-btn-lg premium-button-none\" href=\"tel:tel:787-410-5378\">\n\t\t\t<div class=\"premium-button-text-icon-wrapper\">\n\t\t\t\t\n\t\t\t\t\t\t\t\t\t\t\t\t\t\t\t\t\t\t<svg class=\"svg-inline--fab-fa-whatsapp premium-drawable-icon premium-svg-nodraw\" aria-hidden='true' xmlns='http:\/\/www.w3.org\/2000\/svg' viewbox='0 0 448 512'><path d=\"M380.9 97.1C339 55.1 283.2 32 223.9 32c-122.4 0-222 99.6-222 222 0 39.1 10.2 77.3 29.6 111L0 480l117.7-30.9c32.4 17.7 68.9 27 106.1 27h.1c122.3 0 224.1-99.6 224.1-222 0-59.3-25.2-115-67.1-157zm-157 341.6c-33.2 0-65.7-8.9-94-25.7l-6.7-4-69.8 18.3L72 359.2l-4.4-7c-18.5-29.4-28.2-63.3-28.2-98.2 0-101.7 82.8-184.5 184.6-184.5 49.3 0 95.6 19.2 130.4 54.1 34.8 34.9 56.2 81.2 56.1 130.5 0 101.8-84.9 184.6-186.6 184.6zm101.2-138.2c-5.5-2.8-32.8-16.2-37.9-18-5.1-1.9-8.8-2.8-12.5 2.8-3.7 5.6-14.3 18-17.6 21.8-3.2 3.7-6.5 4.2-12 1.4-32.6-16.3-54-29.1-75.5-66-5.7-9.8 5.7-9.1 16.3-30.3 1.8-3.7.9-6.9-.5-9.7-1.4-2.8-12.5-30.1-17.1-41.2-4.5-10.8-9.1-9.3-12.5-9.5-3.2-.2-6.9-.2-10.6-.2-3.7 0-9.7 1.4-14.8 6.9-5.1 5.6-19.4 19-19.4 46.3 0 27.3 19.9 53.7 22.6 57.4 2.8 3.7 39.1 59.7 94.8 83.8 35.2 15.2 49 16.5 66.6 13.9 10.7-1.6 32.8-13.4 37.4-26.4 4.6-13 4.6-24.1 3.2-26.4-1.3-2.5-5-3.9-10.5-6.6z\"><\/path><\/svg>\t\t\t\t\t\t\t\t\t\t\t\t\t\t\t\n\t\t\t\t\t\t\t\t\t<span >\n\t\t\t\t\t\t787-410-5378\t\t\t\t\t<\/span>\n\t\t\t\t\t\t\t<\/div>\n\n\t\t\t\n\t\t\t\n\t\t\t\n\t\t<\/a>\n\n\n\t\t\t\t\t\t<\/div>\n\t\t\t\t<\/div>\n\t\t\t\t<div class=\"elementor-element elementor-element-113e257 elementor-widget__width-initial elementor-widget elementor-widget-heading\" data-id=\"113e257\" data-element_type=\"widget\" data-e-type=\"widget\" data-widget_type=\"heading.default\">\n\t\t\t\t<div class=\"elementor-widget-container\">\n\t\t\t\t\t<h2 class=\"elementor-heading-title elementor-size-default translation-block\">We accept Medical Plan\nMMM Advantage<\/h2>\t\t\t\t<\/div>\n\t\t\t\t<\/div>\n\t\t\t\t\t<\/div>\n\t\t<\/div>\n\t\t\t\t\t<\/div>\n\t\t<\/section>\n\t\t\t\t<section class=\"elementor-section elementor-top-section elementor-element elementor-element-01b7077 elementor-section-height-min-height elementor-section-boxed elementor-section-height-default elementor-section-items-middle\" data-id=\"01b7077\" data-element_type=\"section\" data-e-type=\"section\" data-settings=\"{&quot;jet_parallax_layout_list&quot;:[],&quot;background_background&quot;:&quot;classic&quot;,&quot;_ha_eqh_enable&quot;:false}\">\n\t\t\t\t\t\t<div class=\"elementor-container elementor-column-gap-default\">\n\t\t\t\t\t<div class=\"elementor-column elementor-col-100 elementor-top-column elementor-element elementor-element-33a051d\" data-id=\"33a051d\" data-element_type=\"column\" data-e-type=\"column\">\n\t\t\t<div class=\"elementor-widget-wrap elementor-element-populated\">\n\t\t\t\t\t\t<div class=\"elementor-element elementor-element-2184a22 elementor-widget elementor-widget-heading\" data-id=\"2184a22\" data-element_type=\"widget\" data-e-type=\"widget\" data-widget_type=\"heading.default\">\n\t\t\t\t<div class=\"elementor-widget-container\">\n\t\t\t\t\t<h2 class=\"elementor-heading-title elementor-size-default\">Craniosacral Therapy<\/h2>\t\t\t\t<\/div>\n\t\t\t\t<\/div>\n\t\t\t\t<div class=\"elementor-element elementor-element-33065c4 elementor-widget-divider--view-line elementor-widget elementor-widget-divider\" data-id=\"33065c4\" data-element_type=\"widget\" data-e-type=\"widget\" data-widget_type=\"divider.default\">\n\t\t\t\t<div class=\"elementor-widget-container\">\n\t\t\t\t\t\t\t<div class=\"elementor-divider\">\n\t\t\t<span class=\"elementor-divider-separator\">\n\t\t\t\t\t\t<\/span>\n\t\t<\/div>\n\t\t\t\t\t\t<\/div>\n\t\t\t\t<\/div>\n\t\t\t\t<div class=\"elementor-element elementor-element-cd883db elementor-widget elementor-widget-text-editor\" data-id=\"cd883db\" data-element_type=\"widget\" data-e-type=\"widget\" data-widget_type=\"text-editor.default\">\n\t\t\t\t<div class=\"elementor-widget-container\">\n\t\t\t\t\t\t\t\t\t<div>Very subtle manual technique that treats imbalances in the craniosacral system.<\/div><div>\u00a0<\/div><div>It releases and reorganizes tensions, since the energy used to maintain that injury or contraction is released and generates a very intense feeling of release and relaxation.<\/div><div>\u00a0<\/div><div>The tensions at the level of the skull generate many injuries that are imperceptible at a medical level, but they affect many visceral and musculoskeletal structures and by treating them we can release them.<\/div><div>\u00a0<\/div><div>The session is carried out in a very subtle way, with the touch of our hand, we will evaluate the craniosacral movement and assess its rhythm in order to correct the pathologies detected.<\/div>\t\t\t\t\t\t\t\t<\/div>\n\t\t\t\t<\/div>\n\t\t\t\t<div class=\"elementor-element elementor-element-7be3570 ha-image-grid--even elementor-widget elementor-widget-ha-image-grid happy-addon ha-image-grid\" data-id=\"7be3570\" data-element_type=\"widget\" data-e-type=\"widget\" data-settings=\"{&quot;layout&quot;:&quot;even&quot;,&quot;enable_popup&quot;:&quot;yes&quot;}\" data-widget_type=\"ha-image-grid.default\">\n\t\t\t\t<div class=\"elementor-widget-container\">\n\t\t\t\t\t\n\t\t<div class=\"ha-image-grid__wrap hajs-isotope ha-lightbox--has\">\n\t\t\t\t\t\t\t\n\t\t\t\t<a href=\"#\" data-mfp-src=\"https:\/\/medicinanaturopaticafamiliar.com\/wp-content\/uploads\/2023\/02\/Rectangle-8.png\" class=\"ha-image-grid__item ha-js-lightbox __fltr-1\">\n\t\t\t\t\t<img fetchpriority=\"high\" decoding=\"async\" width=\"1307\" height=\"721\" src=\"https:\/\/medicinanaturopaticafamiliar.com\/wp-content\/uploads\/2023\/02\/Rectangle-8.png\" class=\"elementor-animation-grow\" alt=\"\" srcset=\"https:\/\/medicinanaturopaticafamiliar.com\/wp-content\/uploads\/2023\/02\/Rectangle-8.png 1307w, https:\/\/medicinanaturopaticafamiliar.com\/wp-content\/uploads\/2023\/02\/Rectangle-8-300x165.png 300w, https:\/\/medicinanaturopaticafamiliar.com\/wp-content\/uploads\/2023\/02\/Rectangle-8-1024x565.png 1024w, https:\/\/medicinanaturopaticafamiliar.com\/wp-content\/uploads\/2023\/02\/Rectangle-8-768x424.png 768w\" sizes=\"(max-width: 1307px) 100vw, 1307px\" \/>\t\t\t\t<\/a>\n\t\t\t\t\t\t\t\n\t\t\t\t<a href=\"#\" data-mfp-src=\"https:\/\/medicinanaturopaticafamiliar.com\/wp-content\/uploads\/2023\/02\/Image-4.png\" class=\"ha-image-grid__item ha-js-lightbox __fltr-1\">\n\t\t\t\t\t<img decoding=\"async\" width=\"575\" height=\"369\" src=\"https:\/\/medicinanaturopaticafamiliar.com\/wp-content\/uploads\/2023\/02\/Image-4.png\" class=\"elementor-animation-grow\" alt=\"\" srcset=\"https:\/\/medicinanaturopaticafamiliar.com\/wp-content\/uploads\/2023\/02\/Image-4.png 575w, https:\/\/medicinanaturopaticafamiliar.com\/wp-content\/uploads\/2023\/02\/Image-4-300x193.png 300w\" sizes=\"(max-width: 575px) 100vw, 575px\" \/>\t\t\t\t<\/a>\n\t\t\t\t\t<\/div>\n\n\t\t\t\t\t\t<\/div>\n\t\t\t\t<\/div>\n\t\t\t\t<div class=\"elementor-element elementor-element-76e7bf8 elementor-widget elementor-widget-heading\" data-id=\"76e7bf8\" data-element_type=\"widget\" data-e-type=\"widget\" data-widget_type=\"heading.default\">\n\t\t\t\t<div class=\"elementor-widget-container\">\n\t\t\t\t\t<h2 class=\"elementor-heading-title elementor-size-default\">Treats disorders such as:<\/h2>\t\t\t\t<\/div>\n\t\t\t\t<\/div>\n\t\t\t\t<div class=\"elementor-element elementor-element-b0961b7 elementor-widget elementor-widget-text-editor\" data-id=\"b0961b7\" data-element_type=\"widget\" data-e-type=\"widget\" data-widget_type=\"text-editor.default\">\n\t\t\t\t<div class=\"elementor-widget-container\">\n\t\t\t\t\t\t\t\t\t<div>Trauma \/ Arterial problems \/ Depression or Stress \/ Digestive discomfort \/ Cervical corners \/ Headaches or migraines \/ Cases of hyperactivity \/ Insomnia \/ Treatments in babies.<\/div>\t\t\t\t\t\t\t\t<\/div>\n\t\t\t\t<\/div>\n\t\t\t\t\t<\/div>\n\t\t<\/div>\n\t\t\t\t\t<\/div>\n\t\t<\/section>\n\t\t\t\t<section class=\"elementor-section elementor-top-section elementor-element elementor-element-57359c0 elementor-section-height-min-height elementor-section-boxed elementor-section-height-default elementor-section-items-middle\" data-id=\"57359c0\" data-element_type=\"section\" data-e-type=\"section\" data-settings=\"{&quot;jet_parallax_layout_list&quot;:[],&quot;background_background&quot;:&quot;classic&quot;,&quot;_ha_eqh_enable&quot;:false}\">\n\t\t\t\t\t\t<div class=\"elementor-container elementor-column-gap-default\">\n\t\t\t\t\t<div class=\"elementor-column elementor-col-100 elementor-top-column elementor-element elementor-element-60474fa\" data-id=\"60474fa\" data-element_type=\"column\" data-e-type=\"column\">\n\t\t\t<div class=\"elementor-widget-wrap\">\n\t\t\t\t\t\t\t<\/div>\n\t\t<\/div>\n\t\t\t\t\t<\/div>\n\t\t<\/section>\n\t\t\t\t<\/div>","protected":false},"excerpt":{"rendered":"<p>TERAPIA CRANEOSACRAL LLAME HOY 787-410-5378 Aceptamos Plan M\u00e9dico MMM Advantage Terapia Craneosacral T\u00e9cnica manual muy sutil que trata los desequilibrios del sistema cr\u00e1neo sacro\u00a0Libera y reorganiza las tensiones, ya que la energ\u00eda empleada en mantener esa lesi\u00f3n o contracci\u00f3n se libera y nos genera una sensaci\u00f3n de liberaci\u00f3n y relajaci\u00f3n muy intensa.\u00a0Las tensiones a nivel [&hellip;]<\/p>","protected":false},"author":1,"featured_media":0,"parent":0,"menu_order":0,"comment_status":"closed","ping_status":"closed","template":"elementor_header_footer","meta":{"_joinchat":[],"footnotes":""},"class_list":["post-170","page","type-page","status-publish","hentry"],"yoast_head":"<!-- This site is optimized with the Yoast SEO plugin v27.4 - https:\/\/yoast.com\/product\/yoast-seo-wordpress\/ -->\n<title>Terapia Craneosacral | Medicina Naturop\u00e1tica Familiar P.R.<\/title>\n<meta name=\"robots\" content=\"index, follow, max-snippet:-1, max-image-preview:large, max-video-preview:-1\" \/>\n<link rel=\"canonical\" href=\"https:\/\/medicinanaturopaticafamiliar.com\/en\/terapia-craneosacral\/\" \/>\n<meta property=\"og:locale\" content=\"en_US\" \/>\n<meta property=\"og:type\" content=\"article\" \/>\n<meta property=\"og:title\" content=\"Terapia Craneosacral | Medicina Naturop\u00e1tica Familiar P.R.\" \/>\n<meta property=\"og:description\" content=\"TERAPIA CRANEOSACRAL LLAME HOY 787-410-5378 Aceptamos Plan M\u00e9dico MMM Advantage Terapia Craneosacral T\u00e9cnica manual muy sutil que trata los desequilibrios del sistema cr\u00e1neo sacro\u00a0Libera y reorganiza las tensiones, ya que la energ\u00eda empleada en mantener esa lesi\u00f3n o contracci\u00f3n se libera y nos genera una sensaci\u00f3n de liberaci\u00f3n y relajaci\u00f3n muy intensa.\u00a0Las tensiones a nivel [&hellip;]\" \/>\n<meta property=\"og:url\" content=\"https:\/\/medicinanaturopaticafamiliar.com\/en\/terapia-craneosacral\/\" \/>\n<meta property=\"og:site_name\" content=\"Medicina Naturop\u00e1tica Familiar P.R.\" \/>\n<meta property=\"article:modified_time\" content=\"2023-05-03T16:14:23+00:00\" \/>\n<meta property=\"og:image\" content=\"https:\/\/olivedrab-aardvark-901812.hostingersite.com\/wp-content\/uploads\/2023\/02\/Rectangle-8.png\" \/>\n<meta name=\"twitter:card\" content=\"summary_large_image\" \/>\n<meta name=\"twitter:label1\" content=\"Est. reading time\" \/>\n\t<meta name=\"twitter:data1\" content=\"2 minutes\" \/>\n<script type=\"application\/ld+json\" class=\"yoast-schema-graph\">{\"@context\":\"https:\\\/\\\/schema.org\",\"@graph\":[{\"@type\":\"WebPage\",\"@id\":\"https:\\\/\\\/medicinanaturopaticafamiliar.com\\\/en\\\/terapia-craneosacral\\\/\",\"url\":\"https:\\\/\\\/medicinanaturopaticafamiliar.com\\\/en\\\/terapia-craneosacral\\\/\",\"name\":\"Terapia Craneosacral | Medicina Naturop\u00e1tica Familiar P.R.\",\"isPartOf\":{\"@id\":\"https:\\\/\\\/olivedrab-aardvark-901812.hostingersite.com\\\/#website\"},\"primaryImageOfPage\":{\"@id\":\"https:\\\/\\\/medicinanaturopaticafamiliar.com\\\/en\\\/terapia-craneosacral\\\/#primaryimage\"},\"image\":{\"@id\":\"https:\\\/\\\/medicinanaturopaticafamiliar.com\\\/en\\\/terapia-craneosacral\\\/#primaryimage\"},\"thumbnailUrl\":\"https:\\\/\\\/olivedrab-aardvark-901812.hostingersite.com\\\/wp-content\\\/uploads\\\/2023\\\/02\\\/Rectangle-8.png\",\"datePublished\":\"2023-03-02T16:26:37+00:00\",\"dateModified\":\"2023-05-03T16:14:23+00:00\",\"breadcrumb\":{\"@id\":\"https:\\\/\\\/medicinanaturopaticafamiliar.com\\\/en\\\/terapia-craneosacral\\\/#breadcrumb\"},\"inLanguage\":\"en-US\",\"potentialAction\":[{\"@type\":\"ReadAction\",\"target\":[\"https:\\\/\\\/medicinanaturopaticafamiliar.com\\\/en\\\/terapia-craneosacral\\\/\"]}]},{\"@type\":\"ImageObject\",\"inLanguage\":\"en-US\",\"@id\":\"https:\\\/\\\/medicinanaturopaticafamiliar.com\\\/en\\\/terapia-craneosacral\\\/#primaryimage\",\"url\":\"https:\\\/\\\/olivedrab-aardvark-901812.hostingersite.com\\\/wp-content\\\/uploads\\\/2023\\\/02\\\/Rectangle-8.png\",\"contentUrl\":\"https:\\\/\\\/olivedrab-aardvark-901812.hostingersite.com\\\/wp-content\\\/uploads\\\/2023\\\/02\\\/Rectangle-8.png\"},{\"@type\":\"BreadcrumbList\",\"@id\":\"https:\\\/\\\/medicinanaturopaticafamiliar.com\\\/en\\\/terapia-craneosacral\\\/#breadcrumb\",\"itemListElement\":[{\"@type\":\"ListItem\",\"position\":1,\"name\":\"Portada\",\"item\":\"https:\\\/\\\/medicinanaturopaticafamiliar.com\\\/\"},{\"@type\":\"ListItem\",\"position\":2,\"name\":\"Terapia Craneosacral\"}]},{\"@type\":\"WebSite\",\"@id\":\"https:\\\/\\\/olivedrab-aardvark-901812.hostingersite.com\\\/#website\",\"url\":\"https:\\\/\\\/olivedrab-aardvark-901812.hostingersite.com\\\/\",\"name\":\"Medicina Naturop\u00e1tica Familiar P.R.\",\"description\":\"La medicina neurop\u00e1tica (o naturopat\u00eda) es una pr\u00e1ctica m\u00e9dica alternativa que se basa en la creencia de que el cuerpo puede sanarse a s\u00ed mismo.\",\"publisher\":{\"@id\":\"https:\\\/\\\/olivedrab-aardvark-901812.hostingersite.com\\\/#organization\"},\"potentialAction\":[{\"@type\":\"SearchAction\",\"target\":{\"@type\":\"EntryPoint\",\"urlTemplate\":\"https:\\\/\\\/olivedrab-aardvark-901812.hostingersite.com\\\/?s={search_term_string}\"},\"query-input\":{\"@type\":\"PropertyValueSpecification\",\"valueRequired\":true,\"valueName\":\"search_term_string\"}}],\"inLanguage\":\"en-US\"},{\"@type\":\"Organization\",\"@id\":\"https:\\\/\\\/olivedrab-aardvark-901812.hostingersite.com\\\/#organization\",\"name\":\"Medicina Naturop\u00e1tica Familiar P.R.\",\"url\":\"https:\\\/\\\/olivedrab-aardvark-901812.hostingersite.com\\\/\",\"logo\":{\"@type\":\"ImageObject\",\"inLanguage\":\"en-US\",\"@id\":\"https:\\\/\\\/olivedrab-aardvark-901812.hostingersite.com\\\/#\\\/schema\\\/logo\\\/image\\\/\",\"url\":\"https:\\\/\\\/medicinanaturopaticafamiliar.com\\\/wp-content\\\/uploads\\\/2023\\\/02\\\/logo.png\",\"contentUrl\":\"https:\\\/\\\/medicinanaturopaticafamiliar.com\\\/wp-content\\\/uploads\\\/2023\\\/02\\\/logo.png\",\"width\":661,\"height\":159,\"caption\":\"Medicina Naturop\u00e1tica Familiar P.R.\"},\"image\":{\"@id\":\"https:\\\/\\\/olivedrab-aardvark-901812.hostingersite.com\\\/#\\\/schema\\\/logo\\\/image\\\/\"}}]}<\/script>\n<!-- \/ Yoast SEO plugin. -->","yoast_head_json":{"title":"Terapia Craneosacral | Medicina Naturop\u00e1tica Familiar P.R.","robots":{"index":"index","follow":"follow","max-snippet":"max-snippet:-1","max-image-preview":"max-image-preview:large","max-video-preview":"max-video-preview:-1"},"canonical":"https:\/\/medicinanaturopaticafamiliar.com\/en\/terapia-craneosacral\/","og_locale":"en_US","og_type":"article","og_title":"Terapia Craneosacral | Medicina Naturop\u00e1tica Familiar P.R.","og_description":"TERAPIA CRANEOSACRAL LLAME HOY 787-410-5378 Aceptamos Plan M\u00e9dico MMM Advantage Terapia Craneosacral T\u00e9cnica manual muy sutil que trata los desequilibrios del sistema cr\u00e1neo sacro\u00a0Libera y reorganiza las tensiones, ya que la energ\u00eda empleada en mantener esa lesi\u00f3n o contracci\u00f3n se libera y nos genera una sensaci\u00f3n de liberaci\u00f3n y relajaci\u00f3n muy intensa.\u00a0Las tensiones a nivel [&hellip;]","og_url":"https:\/\/medicinanaturopaticafamiliar.com\/en\/terapia-craneosacral\/","og_site_name":"Medicina Naturop\u00e1tica Familiar P.R.","article_modified_time":"2023-05-03T16:14:23+00:00","og_image":[{"url":"https:\/\/olivedrab-aardvark-901812.hostingersite.com\/wp-content\/uploads\/2023\/02\/Rectangle-8.png","type":"","width":"","height":""}],"twitter_card":"summary_large_image","twitter_misc":{"Est. reading time":"2 minutes"},"schema":{"@context":"https:\/\/schema.org","@graph":[{"@type":"WebPage","@id":"https:\/\/medicinanaturopaticafamiliar.com\/en\/terapia-craneosacral\/","url":"https:\/\/medicinanaturopaticafamiliar.com\/en\/terapia-craneosacral\/","name":"Terapia Craneosacral | Medicina Naturop\u00e1tica Familiar P.R.","isPartOf":{"@id":"https:\/\/olivedrab-aardvark-901812.hostingersite.com\/#website"},"primaryImageOfPage":{"@id":"https:\/\/medicinanaturopaticafamiliar.com\/en\/terapia-craneosacral\/#primaryimage"},"image":{"@id":"https:\/\/medicinanaturopaticafamiliar.com\/en\/terapia-craneosacral\/#primaryimage"},"thumbnailUrl":"https:\/\/olivedrab-aardvark-901812.hostingersite.com\/wp-content\/uploads\/2023\/02\/Rectangle-8.png","datePublished":"2023-03-02T16:26:37+00:00","dateModified":"2023-05-03T16:14:23+00:00","breadcrumb":{"@id":"https:\/\/medicinanaturopaticafamiliar.com\/en\/terapia-craneosacral\/#breadcrumb"},"inLanguage":"en-US","potentialAction":[{"@type":"ReadAction","target":["https:\/\/medicinanaturopaticafamiliar.com\/en\/terapia-craneosacral\/"]}]},{"@type":"ImageObject","inLanguage":"en-US","@id":"https:\/\/medicinanaturopaticafamiliar.com\/en\/terapia-craneosacral\/#primaryimage","url":"https:\/\/olivedrab-aardvark-901812.hostingersite.com\/wp-content\/uploads\/2023\/02\/Rectangle-8.png","contentUrl":"https:\/\/olivedrab-aardvark-901812.hostingersite.com\/wp-content\/uploads\/2023\/02\/Rectangle-8.png"},{"@type":"BreadcrumbList","@id":"https:\/\/medicinanaturopaticafamiliar.com\/en\/terapia-craneosacral\/#breadcrumb","itemListElement":[{"@type":"ListItem","position":1,"name":"Portada","item":"https:\/\/medicinanaturopaticafamiliar.com\/"},{"@type":"ListItem","position":2,"name":"Terapia Craneosacral"}]},{"@type":"WebSite","@id":"https:\/\/olivedrab-aardvark-901812.hostingersite.com\/#website","url":"https:\/\/olivedrab-aardvark-901812.hostingersite.com\/","name":"Medicina Naturop\u00e1tica Familiar P.R.","description":"La medicina neurop\u00e1tica (o naturopat\u00eda) es una pr\u00e1ctica m\u00e9dica alternativa que se basa en la creencia de que el cuerpo puede sanarse a s\u00ed mismo.","publisher":{"@id":"https:\/\/olivedrab-aardvark-901812.hostingersite.com\/#organization"},"potentialAction":[{"@type":"SearchAction","target":{"@type":"EntryPoint","urlTemplate":"https:\/\/olivedrab-aardvark-901812.hostingersite.com\/?s={search_term_string}"},"query-input":{"@type":"PropertyValueSpecification","valueRequired":true,"valueName":"search_term_string"}}],"inLanguage":"en-US"},{"@type":"Organization","@id":"https:\/\/olivedrab-aardvark-901812.hostingersite.com\/#organization","name":"Medicina Naturop\u00e1tica Familiar P.R.","url":"https:\/\/olivedrab-aardvark-901812.hostingersite.com\/","logo":{"@type":"ImageObject","inLanguage":"en-US","@id":"https:\/\/olivedrab-aardvark-901812.hostingersite.com\/#\/schema\/logo\/image\/","url":"https:\/\/medicinanaturopaticafamiliar.com\/wp-content\/uploads\/2023\/02\/logo.png","contentUrl":"https:\/\/medicinanaturopaticafamiliar.com\/wp-content\/uploads\/2023\/02\/logo.png","width":661,"height":159,"caption":"Medicina Naturop\u00e1tica Familiar P.R."},"image":{"@id":"https:\/\/olivedrab-aardvark-901812.hostingersite.com\/#\/schema\/logo\/image\/"}}]}},"_links":{"self":[{"href":"https:\/\/medicinanaturopaticafamiliar.com\/en\/wp-json\/wp\/v2\/pages\/170","targetHints":{"allow":["GET"]}}],"collection":[{"href":"https:\/\/medicinanaturopaticafamiliar.com\/en\/wp-json\/wp\/v2\/pages"}],"about":[{"href":"https:\/\/medicinanaturopaticafamiliar.com\/en\/wp-json\/wp\/v2\/types\/page"}],"author":[{"embeddable":true,"href":"https:\/\/medicinanaturopaticafamiliar.com\/en\/wp-json\/wp\/v2\/users\/1"}],"replies":[{"embeddable":true,"href":"https:\/\/medicinanaturopaticafamiliar.com\/en\/wp-json\/wp\/v2\/comments?post=170"}],"version-history":[{"count":13,"href":"https:\/\/medicinanaturopaticafamiliar.com\/en\/wp-json\/wp\/v2\/pages\/170\/revisions"}],"predecessor-version":[{"id":647,"href":"https:\/\/medicinanaturopaticafamiliar.com\/en\/wp-json\/wp\/v2\/pages\/170\/revisions\/647"}],"wp:attachment":[{"href":"https:\/\/medicinanaturopaticafamiliar.com\/en\/wp-json\/wp\/v2\/media?parent=170"}],"curies":[{"name":"wp","href":"https:\/\/api.w.org\/{rel}","templated":true}]}}