{"id":729,"date":"2024-12-19T18:30:51","date_gmt":"2024-12-19T18:30:51","guid":{"rendered":"https:\/\/olivedrab-aardvark-901812.hostingersite.com\/?page_id=729"},"modified":"2024-12-19T23:35:01","modified_gmt":"2024-12-19T23:35:01","slug":"sueroterapia","status":"publish","type":"page","link":"https:\/\/medicinanaturopaticafamiliar.com\/en\/sueroterapia\/","title":{"rendered":"Iv Nutritional Therapy"},"content":{"rendered":"<div data-elementor-type=\"wp-page\" data-elementor-id=\"729\" class=\"elementor elementor-729\" data-elementor-settings=\"{&quot;ha_cmc_init_switcher&quot;:&quot;no&quot;}\">\n\t\t\t\t\t\t<section class=\"elementor-section elementor-top-section elementor-element elementor-element-042b08f elementor-section-height-min-height elementor-section-boxed elementor-section-height-default elementor-section-items-middle\" data-id=\"042b08f\" data-element_type=\"section\" data-settings=\"{&quot;jet_parallax_layout_list&quot;:[],&quot;background_background&quot;:&quot;classic&quot;,&quot;_ha_eqh_enable&quot;:false}\">\n\t\t\t\t\t\t\t<div class=\"elementor-background-overlay\"><\/div>\n\t\t\t\t\t\t\t<div class=\"elementor-container elementor-column-gap-default\">\n\t\t\t\t\t<div class=\"elementor-column elementor-col-100 elementor-top-column elementor-element elementor-element-1e6c36d\" data-id=\"1e6c36d\" data-element_type=\"column\">\n\t\t\t<div class=\"elementor-widget-wrap elementor-element-populated\">\n\t\t\t\t\t\t<div class=\"elementor-element elementor-element-d5a0f19 elementor-widget elementor-widget-heading\" data-id=\"d5a0f19\" data-element_type=\"widget\" data-widget_type=\"heading.default\">\n\t\t\t\t<div class=\"elementor-widget-container\">\n\t\t\t\t\t<h2 class=\"elementor-heading-title elementor-size-default\">Iv Nutritional Therapy<\/h2>\t\t\t\t<\/div>\n\t\t\t\t<\/div>\n\t\t\t\t\t<\/div>\n\t\t<\/div>\n\t\t\t\t\t<\/div>\n\t\t<\/section>\n\t\t\t\t<section class=\"elementor-section elementor-top-section elementor-element elementor-element-62449c0 elementor-section-height-min-height elementor-section-boxed elementor-section-height-default elementor-section-items-middle\" data-id=\"62449c0\" data-element_type=\"section\" data-settings=\"{&quot;jet_parallax_layout_list&quot;:[],&quot;background_background&quot;:&quot;classic&quot;,&quot;_ha_eqh_enable&quot;:false}\">\n\t\t\t\t\t\t<div class=\"elementor-container elementor-column-gap-default\">\n\t\t\t\t\t<div class=\"elementor-column elementor-col-100 elementor-top-column elementor-element elementor-element-d56004c\" data-id=\"d56004c\" data-element_type=\"column\">\n\t\t\t<div class=\"elementor-widget-wrap elementor-element-populated\">\n\t\t\t\t\t\t<div class=\"elementor-element elementor-element-00b7476 elementor-widget__width-initial elementor-widget elementor-widget-heading\" data-id=\"00b7476\" data-element_type=\"widget\" data-widget_type=\"heading.default\">\n\t\t\t\t<div class=\"elementor-widget-container\">\n\t\t\t\t\t<h2 class=\"elementor-heading-title elementor-size-default\">CALL TODAY<\/h2>\t\t\t\t<\/div>\n\t\t\t\t<\/div>\n\t\t\t\t<div class=\"elementor-element elementor-element-abe496f elementor-widget__width-initial premium-lq__none elementor-widget elementor-widget-premium-addon-button\" data-id=\"abe496f\" data-element_type=\"widget\" data-widget_type=\"premium-addon-button.default\">\n\t\t\t\t<div class=\"elementor-widget-container\">\n\t\t\t\t\t\n\n\t\t<a class=\"premium-button premium-button-none premium-btn-lg premium-button-none\" href=\"tel:tel:787-410-5378\">\n\t\t\t<div class=\"premium-button-text-icon-wrapper\">\n\t\t\t\t\n\t\t\t\t\t\t\t\t\t\t\t\t\t\t\t\t\t\t<svg class=\"svg-inline--fab-fa-whatsapp premium-drawable-icon premium-svg-nodraw\" aria-hidden='true' xmlns='http:\/\/www.w3.org\/2000\/svg' viewbox='0 0 448 512'><path d=\"M380.9 97.1C339 55.1 283.2 32 223.9 32c-122.4 0-222 99.6-222 222 0 39.1 10.2 77.3 29.6 111L0 480l117.7-30.9c32.4 17.7 68.9 27 106.1 27h.1c122.3 0 224.1-99.6 224.1-222 0-59.3-25.2-115-67.1-157zm-157 341.6c-33.2 0-65.7-8.9-94-25.7l-6.7-4-69.8 18.3L72 359.2l-4.4-7c-18.5-29.4-28.2-63.3-28.2-98.2 0-101.7 82.8-184.5 184.6-184.5 49.3 0 95.6 19.2 130.4 54.1 34.8 34.9 56.2 81.2 56.1 130.5 0 101.8-84.9 184.6-186.6 184.6zm101.2-138.2c-5.5-2.8-32.8-16.2-37.9-18-5.1-1.9-8.8-2.8-12.5 2.8-3.7 5.6-14.3 18-17.6 21.8-3.2 3.7-6.5 4.2-12 1.4-32.6-16.3-54-29.1-75.5-66-5.7-9.8 5.7-9.1 16.3-30.3 1.8-3.7.9-6.9-.5-9.7-1.4-2.8-12.5-30.1-17.1-41.2-4.5-10.8-9.1-9.3-12.5-9.5-3.2-.2-6.9-.2-10.6-.2-3.7 0-9.7 1.4-14.8 6.9-5.1 5.6-19.4 19-19.4 46.3 0 27.3 19.9 53.7 22.6 57.4 2.8 3.7 39.1 59.7 94.8 83.8 35.2 15.2 49 16.5 66.6 13.9 10.7-1.6 32.8-13.4 37.4-26.4 4.6-13 4.6-24.1 3.2-26.4-1.3-2.5-5-3.9-10.5-6.6z\"><\/path><\/svg>\t\t\t\t\t\t\t\t\t\t\t\t\t\t\t\n\t\t\t\t\t\t\t\t\t<span >\n\t\t\t\t\t\t787-410-5378\t\t\t\t\t<\/span>\n\t\t\t\t\t\t\t<\/div>\n\n\t\t\t\n\t\t\t\n\t\t\t\n\t\t<\/a>\n\n\n\t\t\t\t\t\t<\/div>\n\t\t\t\t<\/div>\n\t\t\t\t<div class=\"elementor-element elementor-element-1a47296 elementor-widget__width-initial elementor-widget elementor-widget-heading\" data-id=\"1a47296\" data-element_type=\"widget\" data-widget_type=\"heading.default\">\n\t\t\t\t<div class=\"elementor-widget-container\">\n\t\t\t\t\t<h2 class=\"elementor-heading-title elementor-size-default translation-block\">We accept Medical Plan\nMMM Advantage<\/h2>\t\t\t\t<\/div>\n\t\t\t\t<\/div>\n\t\t\t\t\t<\/div>\n\t\t<\/div>\n\t\t\t\t\t<\/div>\n\t\t<\/section>\n\t\t\t\t<section class=\"elementor-section elementor-top-section elementor-element elementor-element-ab0f365 elementor-section-height-min-height elementor-section-boxed elementor-section-height-default elementor-section-items-middle\" data-id=\"ab0f365\" data-element_type=\"section\" data-settings=\"{&quot;jet_parallax_layout_list&quot;:[],&quot;background_background&quot;:&quot;classic&quot;,&quot;_ha_eqh_enable&quot;:false}\">\n\t\t\t\t\t\t<div class=\"elementor-container elementor-column-gap-default\">\n\t\t\t\t\t<div class=\"elementor-column elementor-col-100 elementor-top-column elementor-element elementor-element-929ab80\" data-id=\"929ab80\" data-element_type=\"column\">\n\t\t\t<div class=\"elementor-widget-wrap elementor-element-populated\">\n\t\t\t\t\t\t<div class=\"elementor-element elementor-element-a24e873 elementor-widget elementor-widget-heading\" data-id=\"a24e873\" data-element_type=\"widget\" data-widget_type=\"heading.default\">\n\t\t\t\t<div class=\"elementor-widget-container\">\n\t\t\t\t\t<h2 class=\"elementor-heading-title elementor-size-default\">Iv Nutritional Therapy<\/h2>\t\t\t\t<\/div>\n\t\t\t\t<\/div>\n\t\t\t\t<div class=\"elementor-element elementor-element-1fbd8a5 elementor-widget-divider--view-line elementor-widget elementor-widget-divider\" data-id=\"1fbd8a5\" data-element_type=\"widget\" data-widget_type=\"divider.default\">\n\t\t\t\t<div class=\"elementor-widget-container\">\n\t\t\t\t\t\t\t<div class=\"elementor-divider\">\n\t\t\t<span class=\"elementor-divider-separator\">\n\t\t\t\t\t\t<\/span>\n\t\t<\/div>\n\t\t\t\t\t\t<\/div>\n\t\t\t\t<\/div>\n\t\t\t\t<div class=\"elementor-element elementor-element-644555c elementor-widget elementor-widget-heading\" data-id=\"644555c\" data-element_type=\"widget\" data-widget_type=\"heading.default\">\n\t\t\t\t<div class=\"elementor-widget-container\">\n\t\t\t\t\t<h2 class=\"elementor-heading-title elementor-size-default\">What is IV Nutritional Therapy?<\/h2>\t\t\t\t<\/div>\n\t\t\t\t<\/div>\n\t\t\t\t<div class=\"elementor-element elementor-element-6163ffb elementor-widget elementor-widget-text-editor\" data-id=\"6163ffb\" data-element_type=\"widget\" data-widget_type=\"text-editor.default\">\n\t\t\t\t<div class=\"elementor-widget-container\">\n\t\t\t\t\t\t\t\t\tIV Nutritional Therapy is a medical technique that has gained popularity in recent years due to its numerous health and wellness benefits. It involves the administration of IV drips containing a combination of essential vitamins, minerals, antioxidants, and amino acids.\nThis medical treatment originated in the 1930s and was initially used to address specific medical conditions such as severe dehydration and critical nutritional deficiencies. However, with advancements in medicine and research, IV therapy has expanded its use and is now employed for various purposes, including improving overall health, boosting energy, supporting the immune system, and promoting mental well-being.\n\t\t\t\t\t\t\t\t<\/div>\n\t\t\t\t<\/div>\n\t\t\t\t<div class=\"elementor-element elementor-element-c0ddce4 elementor-widget elementor-widget-heading\" data-id=\"c0ddce4\" data-element_type=\"widget\" data-widget_type=\"heading.default\">\n\t\t\t\t<div class=\"elementor-widget-container\">\n\t\t\t\t\t<h2 class=\"elementor-heading-title elementor-size-default\">How does IV Nutritional Therapy work?<\/h2>\t\t\t\t<\/div>\n\t\t\t\t<\/div>\n\t\t\t\t<div class=\"elementor-element elementor-element-2f59e0a elementor-widget elementor-widget-text-editor\" data-id=\"2f59e0a\" data-element_type=\"widget\" data-widget_type=\"text-editor.default\">\n\t\t\t\t<div class=\"elementor-widget-container\">\n\t\t\t\t\t\t\t\t\tThe process begins with a medical evaluation to analyze the patient\u2019s health and medical history in order to determine the most suitable IV formula. The solution is administered slowly, allowing nutrients to enter the bloodstream and reach the body\u2019s cells more efficiently than through oral supplementation.\t\t\t\t\t\t\t\t<\/div>\n\t\t\t\t<\/div>\n\t\t\t\t<div class=\"elementor-element elementor-element-5f88504 ha-image-grid--even elementor-hidden-desktop elementor-hidden-tablet elementor-hidden-mobile elementor-widget elementor-widget-ha-image-grid happy-addon ha-image-grid\" data-id=\"5f88504\" data-element_type=\"widget\" data-settings=\"{&quot;layout&quot;:&quot;even&quot;,&quot;enable_popup&quot;:&quot;yes&quot;}\" data-widget_type=\"ha-image-grid.default\">\n\t\t\t\t<div class=\"elementor-widget-container\">\n\t\t\t\t\t\n\t\t<div class=\"ha-image-grid__wrap hajs-isotope ha-lightbox--has\">\n\t\t\t\t\t\t\t\n\t\t\t\t<a href=\"#\" data-mfp-src=\"https:\/\/medicinanaturopaticafamiliar.com\/wp-content\/uploads\/2023\/02\/Rectangle-8.png\" class=\"ha-image-grid__item ha-js-lightbox __fltr-1\">\n\t\t\t\t\t<img fetchpriority=\"high\" decoding=\"async\" width=\"1307\" height=\"721\" src=\"https:\/\/medicinanaturopaticafamiliar.com\/wp-content\/uploads\/2023\/02\/Rectangle-8.png\" class=\"elementor-animation-grow\" alt=\"\" srcset=\"https:\/\/medicinanaturopaticafamiliar.com\/wp-content\/uploads\/2023\/02\/Rectangle-8.png 1307w, https:\/\/medicinanaturopaticafamiliar.com\/wp-content\/uploads\/2023\/02\/Rectangle-8-300x165.png 300w, https:\/\/medicinanaturopaticafamiliar.com\/wp-content\/uploads\/2023\/02\/Rectangle-8-1024x565.png 1024w, https:\/\/medicinanaturopaticafamiliar.com\/wp-content\/uploads\/2023\/02\/Rectangle-8-768x424.png 768w\" sizes=\"(max-width: 1307px) 100vw, 1307px\" \/>\t\t\t\t<\/a>\n\t\t\t\t\t\t\t\n\t\t\t\t<a href=\"#\" data-mfp-src=\"https:\/\/medicinanaturopaticafamiliar.com\/wp-content\/uploads\/2023\/02\/Image-4.png\" class=\"ha-image-grid__item ha-js-lightbox __fltr-1\">\n\t\t\t\t\t<img decoding=\"async\" width=\"575\" height=\"369\" src=\"https:\/\/medicinanaturopaticafamiliar.com\/wp-content\/uploads\/2023\/02\/Image-4.png\" class=\"elementor-animation-grow\" alt=\"\" srcset=\"https:\/\/medicinanaturopaticafamiliar.com\/wp-content\/uploads\/2023\/02\/Image-4.png 575w, https:\/\/medicinanaturopaticafamiliar.com\/wp-content\/uploads\/2023\/02\/Image-4-300x193.png 300w\" sizes=\"(max-width: 575px) 100vw, 575px\" \/>\t\t\t\t<\/a>\n\t\t\t\t\t<\/div>\n\n\t\t\t\t\t\t<\/div>\n\t\t\t\t<\/div>\n\t\t\t\t<div class=\"elementor-element elementor-element-3eecea0 elementor-widget elementor-widget-heading\" data-id=\"3eecea0\" data-element_type=\"widget\" data-widget_type=\"heading.default\">\n\t\t\t\t<div class=\"elementor-widget-container\">\n\t\t\t\t\t<h2 class=\"elementor-heading-title elementor-size-default\">Types of IV Nutritional Therapy:<\/h2>\t\t\t\t<\/div>\n\t\t\t\t<\/div>\n\t\t\t\t<div class=\"elementor-element elementor-element-709fa82 elementor-widget elementor-widget-text-editor\" data-id=\"709fa82\" data-element_type=\"widget\" data-widget_type=\"text-editor.default\">\n\t\t\t\t<div class=\"elementor-widget-container\">\n\t\t\t\t\t\t\t\t\t<ul>\n<li>Overweight<\/li>\n<li>Immunity Support<\/li>\n<li>Myers\u2019 Cocktail<\/li>\n<li>Inner Beauty<\/li>\n<li>Detox<\/li>\n<li>Asthma<\/li>\n<li>Inflammation (Pain)<\/li>\n<li>Cachexia - Malnutrition<\/li>\n<li>Wound Healing<\/li>\n<li>Energy and Vitality<\/li>\n<li>Mega C - Cancer Support<\/li>\n<li>Pre- and Post-Surgery<\/li>\n<li>PMS<\/li>\n<li>Depression and Anxiety<\/li>\n<li>Recovery and Performance<\/li>\n<li>Asthma<\/li>\n<li>Migraine Relief<\/li>\n<li>Among others\u2026<\/li>\n<\/ul>\t\t\t\t\t\t\t\t<\/div>\n\t\t\t\t<\/div>\n\t\t\t\t\t<\/div>\n\t\t<\/div>\n\t\t\t\t\t<\/div>\n\t\t<\/section>\n\t\t\t\t<section class=\"elementor-section elementor-top-section elementor-element elementor-element-98f0649 elementor-section-height-min-height elementor-hidden-desktop elementor-hidden-tablet elementor-hidden-mobile elementor-section-boxed elementor-section-height-default elementor-section-items-middle\" data-id=\"98f0649\" data-element_type=\"section\" data-settings=\"{&quot;jet_parallax_layout_list&quot;:[],&quot;background_background&quot;:&quot;classic&quot;,&quot;_ha_eqh_enable&quot;:false}\">\n\t\t\t\t\t\t<div class=\"elementor-container elementor-column-gap-default\">\n\t\t\t\t\t<div class=\"elementor-column elementor-col-100 elementor-top-column elementor-element elementor-element-501350d\" data-id=\"501350d\" data-element_type=\"column\">\n\t\t\t<div class=\"elementor-widget-wrap\">\n\t\t\t\t\t\t\t<\/div>\n\t\t<\/div>\n\t\t\t\t\t<\/div>\n\t\t<\/section>\n\t\t\t\t<\/div>","protected":false},"excerpt":{"rendered":"<p>Sueroterapia LLAME HOY 787-410-5378 Aceptamos Plan M\u00e9dico MMM Advantage Sueroterapia (Iv Nutritional Therapy) \u00bfQu\u00e9 es la sueroterapia? Es una t\u00e9cnica m\u00e9dica que ha ganado popularidad en los \u00faltimos a\u00f1os debido a sus numerosos beneficios para la salud y el bienestar. Consiste en la administraci\u00f3n de sueros que contienen una combinaci\u00f3n de vitaminas, minerales, antioxidantes y [&hellip;]<\/p>","protected":false},"author":1,"featured_media":0,"parent":0,"menu_order":0,"comment_status":"closed","ping_status":"closed","template":"elementor_header_footer","meta":{"_joinchat":[],"footnotes":""},"class_list":["post-729","page","type-page","status-publish","hentry"],"yoast_head":"<!-- This site is optimized with the Yoast SEO plugin v25.3 - https:\/\/yoast.com\/wordpress\/plugins\/seo\/ -->\n<title>Sueroterapia | Medicina Naturop\u00e1tica Familiar P.R.<\/title>\n<meta name=\"robots\" content=\"index, follow, max-snippet:-1, max-image-preview:large, max-video-preview:-1\" \/>\n<link rel=\"canonical\" href=\"https:\/\/medicinanaturopaticafamiliar.com\/en\/sueroterapia\/\" \/>\n<meta property=\"og:locale\" content=\"en_US\" \/>\n<meta property=\"og:type\" content=\"article\" \/>\n<meta property=\"og:title\" content=\"Sueroterapia | Medicina Naturop\u00e1tica Familiar P.R.\" \/>\n<meta property=\"og:description\" content=\"Sueroterapia LLAME HOY 787-410-5378 Aceptamos Plan M\u00e9dico MMM Advantage Sueroterapia (Iv Nutritional Therapy) \u00bfQu\u00e9 es la sueroterapia? Es una t\u00e9cnica m\u00e9dica que ha ganado popularidad en los \u00faltimos a\u00f1os debido a sus numerosos beneficios para la salud y el bienestar. Consiste en la administraci\u00f3n de sueros que contienen una combinaci\u00f3n de vitaminas, minerales, antioxidantes y [&hellip;]\" \/>\n<meta property=\"og:url\" content=\"https:\/\/medicinanaturopaticafamiliar.com\/en\/sueroterapia\/\" \/>\n<meta property=\"og:site_name\" content=\"Medicina Naturop\u00e1tica Familiar P.R.\" \/>\n<meta property=\"article:modified_time\" content=\"2024-12-19T23:35:01+00:00\" \/>\n<meta property=\"og:image\" content=\"https:\/\/olivedrab-aardvark-901812.hostingersite.com\/wp-content\/uploads\/2023\/02\/Rectangle-8.png\" \/>\n<meta name=\"twitter:card\" content=\"summary_large_image\" \/>\n<meta name=\"twitter:label1\" content=\"Est. reading time\" \/>\n\t<meta name=\"twitter:data1\" content=\"2 minutes\" \/>\n<script type=\"application\/ld+json\" class=\"yoast-schema-graph\">{\"@context\":\"https:\/\/schema.org\",\"@graph\":[{\"@type\":\"WebPage\",\"@id\":\"https:\/\/medicinanaturopaticafamiliar.com\/en\/sueroterapia\/\",\"url\":\"https:\/\/medicinanaturopaticafamiliar.com\/en\/sueroterapia\/\",\"name\":\"Sueroterapia | Medicina Naturop\u00e1tica Familiar P.R.\",\"isPartOf\":{\"@id\":\"https:\/\/medicinanaturopaticafamiliar.com\/#website\"},\"primaryImageOfPage\":{\"@id\":\"https:\/\/medicinanaturopaticafamiliar.com\/en\/sueroterapia\/#primaryimage\"},\"image\":{\"@id\":\"https:\/\/medicinanaturopaticafamiliar.com\/en\/sueroterapia\/#primaryimage\"},\"thumbnailUrl\":\"https:\/\/olivedrab-aardvark-901812.hostingersite.com\/wp-content\/uploads\/2023\/02\/Rectangle-8.png\",\"datePublished\":\"2024-12-19T18:30:51+00:00\",\"dateModified\":\"2024-12-19T23:35:01+00:00\",\"breadcrumb\":{\"@id\":\"https:\/\/medicinanaturopaticafamiliar.com\/en\/sueroterapia\/#breadcrumb\"},\"inLanguage\":\"en-US\",\"potentialAction\":[{\"@type\":\"ReadAction\",\"target\":[\"https:\/\/medicinanaturopaticafamiliar.com\/en\/sueroterapia\/\"]}]},{\"@type\":\"ImageObject\",\"inLanguage\":\"en-US\",\"@id\":\"https:\/\/medicinanaturopaticafamiliar.com\/en\/sueroterapia\/#primaryimage\",\"url\":\"https:\/\/olivedrab-aardvark-901812.hostingersite.com\/wp-content\/uploads\/2023\/02\/Rectangle-8.png\",\"contentUrl\":\"https:\/\/olivedrab-aardvark-901812.hostingersite.com\/wp-content\/uploads\/2023\/02\/Rectangle-8.png\"},{\"@type\":\"BreadcrumbList\",\"@id\":\"https:\/\/medicinanaturopaticafamiliar.com\/en\/sueroterapia\/#breadcrumb\",\"itemListElement\":[{\"@type\":\"ListItem\",\"position\":1,\"name\":\"Portada\",\"item\":\"https:\/\/medicinanaturopaticafamiliar.com\/\"},{\"@type\":\"ListItem\",\"position\":2,\"name\":\"Sueroterapia\"}]},{\"@type\":\"WebSite\",\"@id\":\"https:\/\/medicinanaturopaticafamiliar.com\/#website\",\"url\":\"https:\/\/medicinanaturopaticafamiliar.com\/\",\"name\":\"Medicina Naturop\u00e1tica Familiar P.R.\",\"description\":\"La medicina neurop\u00e1tica (o naturopat\u00eda) es una pr\u00e1ctica m\u00e9dica alternativa que se basa en la creencia de que el cuerpo puede sanarse a s\u00ed mismo.\",\"publisher\":{\"@id\":\"https:\/\/medicinanaturopaticafamiliar.com\/#organization\"},\"potentialAction\":[{\"@type\":\"SearchAction\",\"target\":{\"@type\":\"EntryPoint\",\"urlTemplate\":\"https:\/\/medicinanaturopaticafamiliar.com\/?s={search_term_string}\"},\"query-input\":{\"@type\":\"PropertyValueSpecification\",\"valueRequired\":true,\"valueName\":\"search_term_string\"}}],\"inLanguage\":\"en-US\"},{\"@type\":\"Organization\",\"@id\":\"https:\/\/medicinanaturopaticafamiliar.com\/#organization\",\"name\":\"Medicina Naturop\u00e1tica Familiar P.R.\",\"url\":\"https:\/\/medicinanaturopaticafamiliar.com\/\",\"logo\":{\"@type\":\"ImageObject\",\"inLanguage\":\"en-US\",\"@id\":\"https:\/\/medicinanaturopaticafamiliar.com\/#\/schema\/logo\/image\/\",\"url\":\"https:\/\/medicinanaturopaticafamiliar.com\/wp-content\/uploads\/2023\/02\/logo.png\",\"contentUrl\":\"https:\/\/medicinanaturopaticafamiliar.com\/wp-content\/uploads\/2023\/02\/logo.png\",\"width\":661,\"height\":159,\"caption\":\"Medicina Naturop\u00e1tica Familiar P.R.\"},\"image\":{\"@id\":\"https:\/\/medicinanaturopaticafamiliar.com\/#\/schema\/logo\/image\/\"}}]}<\/script>\n<!-- \/ Yoast SEO plugin. -->","yoast_head_json":{"title":"Sueroterapia | Medicina Naturop\u00e1tica Familiar P.R.","robots":{"index":"index","follow":"follow","max-snippet":"max-snippet:-1","max-image-preview":"max-image-preview:large","max-video-preview":"max-video-preview:-1"},"canonical":"https:\/\/medicinanaturopaticafamiliar.com\/en\/sueroterapia\/","og_locale":"en_US","og_type":"article","og_title":"Sueroterapia | Medicina Naturop\u00e1tica Familiar P.R.","og_description":"Sueroterapia LLAME HOY 787-410-5378 Aceptamos Plan M\u00e9dico MMM Advantage Sueroterapia (Iv Nutritional Therapy) \u00bfQu\u00e9 es la sueroterapia? Es una t\u00e9cnica m\u00e9dica que ha ganado popularidad en los \u00faltimos a\u00f1os debido a sus numerosos beneficios para la salud y el bienestar. Consiste en la administraci\u00f3n de sueros que contienen una combinaci\u00f3n de vitaminas, minerales, antioxidantes y [&hellip;]","og_url":"https:\/\/medicinanaturopaticafamiliar.com\/en\/sueroterapia\/","og_site_name":"Medicina Naturop\u00e1tica Familiar P.R.","article_modified_time":"2024-12-19T23:35:01+00:00","og_image":[{"url":"https:\/\/olivedrab-aardvark-901812.hostingersite.com\/wp-content\/uploads\/2023\/02\/Rectangle-8.png","type":"","width":"","height":""}],"twitter_card":"summary_large_image","twitter_misc":{"Est. reading time":"2 minutes"},"schema":{"@context":"https:\/\/schema.org","@graph":[{"@type":"WebPage","@id":"https:\/\/medicinanaturopaticafamiliar.com\/en\/sueroterapia\/","url":"https:\/\/medicinanaturopaticafamiliar.com\/en\/sueroterapia\/","name":"Sueroterapia | Medicina Naturop\u00e1tica Familiar P.R.","isPartOf":{"@id":"https:\/\/medicinanaturopaticafamiliar.com\/#website"},"primaryImageOfPage":{"@id":"https:\/\/medicinanaturopaticafamiliar.com\/en\/sueroterapia\/#primaryimage"},"image":{"@id":"https:\/\/medicinanaturopaticafamiliar.com\/en\/sueroterapia\/#primaryimage"},"thumbnailUrl":"https:\/\/olivedrab-aardvark-901812.hostingersite.com\/wp-content\/uploads\/2023\/02\/Rectangle-8.png","datePublished":"2024-12-19T18:30:51+00:00","dateModified":"2024-12-19T23:35:01+00:00","breadcrumb":{"@id":"https:\/\/medicinanaturopaticafamiliar.com\/en\/sueroterapia\/#breadcrumb"},"inLanguage":"en-US","potentialAction":[{"@type":"ReadAction","target":["https:\/\/medicinanaturopaticafamiliar.com\/en\/sueroterapia\/"]}]},{"@type":"ImageObject","inLanguage":"en-US","@id":"https:\/\/medicinanaturopaticafamiliar.com\/en\/sueroterapia\/#primaryimage","url":"https:\/\/olivedrab-aardvark-901812.hostingersite.com\/wp-content\/uploads\/2023\/02\/Rectangle-8.png","contentUrl":"https:\/\/olivedrab-aardvark-901812.hostingersite.com\/wp-content\/uploads\/2023\/02\/Rectangle-8.png"},{"@type":"BreadcrumbList","@id":"https:\/\/medicinanaturopaticafamiliar.com\/en\/sueroterapia\/#breadcrumb","itemListElement":[{"@type":"ListItem","position":1,"name":"Portada","item":"https:\/\/medicinanaturopaticafamiliar.com\/"},{"@type":"ListItem","position":2,"name":"Sueroterapia"}]},{"@type":"WebSite","@id":"https:\/\/medicinanaturopaticafamiliar.com\/#website","url":"https:\/\/medicinanaturopaticafamiliar.com\/","name":"Medicina Naturop\u00e1tica Familiar P.R.","description":"La medicina neurop\u00e1tica (o naturopat\u00eda) es una pr\u00e1ctica m\u00e9dica alternativa que se basa en la creencia de que el cuerpo puede sanarse a s\u00ed mismo.","publisher":{"@id":"https:\/\/medicinanaturopaticafamiliar.com\/#organization"},"potentialAction":[{"@type":"SearchAction","target":{"@type":"EntryPoint","urlTemplate":"https:\/\/medicinanaturopaticafamiliar.com\/?s={search_term_string}"},"query-input":{"@type":"PropertyValueSpecification","valueRequired":true,"valueName":"search_term_string"}}],"inLanguage":"en-US"},{"@type":"Organization","@id":"https:\/\/medicinanaturopaticafamiliar.com\/#organization","name":"Medicina Naturop\u00e1tica Familiar P.R.","url":"https:\/\/medicinanaturopaticafamiliar.com\/","logo":{"@type":"ImageObject","inLanguage":"en-US","@id":"https:\/\/medicinanaturopaticafamiliar.com\/#\/schema\/logo\/image\/","url":"https:\/\/medicinanaturopaticafamiliar.com\/wp-content\/uploads\/2023\/02\/logo.png","contentUrl":"https:\/\/medicinanaturopaticafamiliar.com\/wp-content\/uploads\/2023\/02\/logo.png","width":661,"height":159,"caption":"Medicina Naturop\u00e1tica Familiar P.R."},"image":{"@id":"https:\/\/medicinanaturopaticafamiliar.com\/#\/schema\/logo\/image\/"}}]}},"_links":{"self":[{"href":"https:\/\/medicinanaturopaticafamiliar.com\/en\/wp-json\/wp\/v2\/pages\/729","targetHints":{"allow":["GET"]}}],"collection":[{"href":"https:\/\/medicinanaturopaticafamiliar.com\/en\/wp-json\/wp\/v2\/pages"}],"about":[{"href":"https:\/\/medicinanaturopaticafamiliar.com\/en\/wp-json\/wp\/v2\/types\/page"}],"author":[{"embeddable":true,"href":"https:\/\/medicinanaturopaticafamiliar.com\/en\/wp-json\/wp\/v2\/users\/1"}],"replies":[{"embeddable":true,"href":"https:\/\/medicinanaturopaticafamiliar.com\/en\/wp-json\/wp\/v2\/comments?post=729"}],"version-history":[{"count":13,"href":"https:\/\/medicinanaturopaticafamiliar.com\/en\/wp-json\/wp\/v2\/pages\/729\/revisions"}],"predecessor-version":[{"id":745,"href":"https:\/\/medicinanaturopaticafamiliar.com\/en\/wp-json\/wp\/v2\/pages\/729\/revisions\/745"}],"wp:attachment":[{"href":"https:\/\/medicinanaturopaticafamiliar.com\/en\/wp-json\/wp\/v2\/media?parent=729"}],"curies":[{"name":"wp","href":"https:\/\/api.w.org\/{rel}","templated":true}]}}